{"id":15,"date":"2025-11-07T01:29:03","date_gmt":"2025-11-07T01:29:03","guid":{"rendered":"https:\/\/christophersanti.com.br\/dr-fabricio\/?page_id=15"},"modified":"2025-11-20T14:21:47","modified_gmt":"2025-11-20T14:21:47","slug":"sobre-mim","status":"publish","type":"page","link":"https:\/\/christophersanti.com.br\/dr-fabricio\/sobre-mim\/","title":{"rendered":"Sobre Mim"},"content":{"rendered":"\t\t<div data-elementor-type=\"wp-page\" data-elementor-id=\"15\" class=\"elementor elementor-15\" data-elementor-post-type=\"page\">\n\t\t\t\t<div class=\"elementor-element elementor-element-fb397e4 e-flex e-con-boxed e-con e-parent\" data-id=\"fb397e4\" data-element_type=\"container\" data-settings=\"{&quot;background_background&quot;:&quot;classic&quot;}\">\n\t\t\t\t\t<div class=\"e-con-inner\">\n\t\t<div class=\"elementor-element elementor-element-35cfff2 e-con-full e-flex e-con e-child\" data-id=\"35cfff2\" data-element_type=\"container\">\n\t\t\t\t<div class=\"elementor-element elementor-element-d01bb03 elementor-widget elementor-widget-heading\" data-id=\"d01bb03\" data-element_type=\"widget\" data-widget_type=\"heading.default\">\n\t\t\t\t\t<h2 class=\"elementor-heading-title elementor-size-default\">Sobre Dr. Fabr\u00edcio<\/h2>\t\t\t\t<\/div>\n\t\t\t\t<div class=\"elementor-element elementor-element-abd52c9 elementor-widget-divider--view-line elementor-widget elementor-widget-divider\" data-id=\"abd52c9\" data-element_type=\"widget\" data-widget_type=\"divider.default\">\n\t\t\t\t\t\t\t<div class=\"elementor-divider\">\n\t\t\t<span class=\"elementor-divider-separator\">\n\t\t\t\t\t\t<\/span>\n\t\t<\/div>\n\t\t\t\t\t\t<\/div>\n\t\t\t\t<div class=\"elementor-element elementor-element-444c90f elementor-widget elementor-widget-text-editor\" data-id=\"444c90f\" data-element_type=\"widget\" data-widget_type=\"text-editor.default\">\n\t\t\t\t\t\t\t\t\t<p data-start=\"176\" data-end=\"417\"><strong data-start=\"176\" data-end=\"237\">Apaixonado por transformar sorrisos e elevar a autoestima<\/strong>, o Dr. Fabr\u00edcio Santos atua com excel\u00eancia em <strong data-start=\"284\" data-end=\"320\">odontologia est\u00e9tica e funcional<\/strong>, oferecendo um atendimento que combina <strong data-start=\"360\" data-end=\"414\">tecnologia moderna, sensibilidade e cuidado humano<\/strong>.<\/p><p data-start=\"419\" data-end=\"729\">Desde o in\u00edcio de sua trajet\u00f3ria, acredita que <strong data-start=\"466\" data-end=\"541\">um sorriso saud\u00e1vel representa bem-estar, confian\u00e7a e qualidade de vida<\/strong>. Por isso, dedica-se a compreender as necessidades de cada paciente, desenvolvendo <strong data-start=\"625\" data-end=\"664\">planos de tratamento personalizados<\/strong> que priorizam <strong data-start=\"679\" data-end=\"726\">conforto, seguran\u00e7a e resultados duradouros<\/strong>.<\/p><p data-start=\"731\" data-end=\"926\">Com uma postura acolhedora e emp\u00e1tica, o Dr. Fabr\u00edcio busca tornar cada visita ao consult\u00f3rio <strong data-start=\"825\" data-end=\"865\">uma experi\u00eancia positiva e tranquila<\/strong>, onde o paciente se sinta <strong data-start=\"892\" data-end=\"923\">ouvido, respeitado e seguro<\/strong>.<\/p><p data-start=\"928\" data-end=\"1174\"><strong data-start=\"928\" data-end=\"976\">Formado pela Universidade de S\u00e3o Paulo (USP)<\/strong>, \u00e9 <strong data-start=\"980\" data-end=\"1037\">especialista em Implantodontia e Odontologia Est\u00e9tica<\/strong>, com participa\u00e7\u00e3o em diversos <strong data-start=\"1068\" data-end=\"1101\">cursos, congressos e imers\u00f5es<\/strong> voltados \u00e0 <strong data-start=\"1113\" data-end=\"1171\">reabilita\u00e7\u00e3o oral e \u00e0s novas tecnologias odontol\u00f3gicas<\/strong>.<\/p><p data-start=\"1176\" data-end=\"1381\">Com <strong data-start=\"1180\" data-end=\"1221\">mais de 8 anos de experi\u00eancia cl\u00ednica<\/strong>, sua miss\u00e3o \u00e9 oferecer <strong data-start=\"1245\" data-end=\"1293\">resultados naturais, harm\u00f4nicos e funcionais<\/strong> \u2014 porque <strong data-start=\"1303\" data-end=\"1327\">cada sorriso \u00e9 \u00fanico<\/strong> e deve refletir <strong data-start=\"1344\" data-end=\"1378\">beleza, confian\u00e7a e felicidade<\/strong>.<\/p>\t\t\t\t\t\t\t\t<\/div>\n\t\t\t\t<\/div>\n\t\t<div class=\"elementor-element elementor-element-8b78430 e-con-full e-flex e-con e-child\" data-id=\"8b78430\" data-element_type=\"container\">\n\t\t\t\t<div class=\"elementor-element elementor-element-68195d4 elementor-widget elementor-widget-image\" data-id=\"68195d4\" data-element_type=\"widget\" data-widget_type=\"image.default\">\n\t\t\t\t\t\t\t\t\t\t\t\t\t\t\t<img fetchpriority=\"high\" decoding=\"async\" width=\"447\" height=\"559\" src=\"https:\/\/christophersanti.com.br\/dr-fabricio\/wp-content\/uploads\/2025\/11\/sobre-mim.png\" class=\"attachment-full size-full wp-image-198\" alt=\"\" srcset=\"https:\/\/christophersanti.com.br\/dr-fabricio\/wp-content\/uploads\/2025\/11\/sobre-mim.png 447w, https:\/\/christophersanti.com.br\/dr-fabricio\/wp-content\/uploads\/2025\/11\/sobre-mim-240x300.png 240w\" sizes=\"(max-width: 447px) 100vw, 447px\" \/>\t\t\t\t\t\t\t\t\t\t\t\t\t\t\t<\/div>\n\t\t\t\t<\/div>\n\t\t\t\t\t<\/div>\n\t\t\t\t<\/div>\n\t\t<div class=\"elementor-element elementor-element-6bd23a8 e-flex e-con-boxed e-con e-parent\" data-id=\"6bd23a8\" data-element_type=\"container\" data-settings=\"{&quot;background_background&quot;:&quot;classic&quot;}\">\n\t\t\t\t\t<div class=\"e-con-inner\">\n\t\t<div class=\"elementor-element elementor-element-aa6fd91 e-con-full e-flex e-con e-child\" data-id=\"aa6fd91\" data-element_type=\"container\" data-settings=\"{&quot;background_background&quot;:&quot;classic&quot;}\">\n\t\t\t\t<div class=\"elementor-element elementor-element-6bcaa55 elementor-widget elementor-widget-heading\" data-id=\"6bcaa55\" data-element_type=\"widget\" data-widget_type=\"heading.default\">\n\t\t\t\t\t<h2 class=\"elementor-heading-title elementor-size-default\">Meu Curr\u00edculo<\/h2>\t\t\t\t<\/div>\n\t\t\t\t<div class=\"elementor-element elementor-element-8bc5c89 elementor-icon-list--layout-traditional elementor-list-item-link-full_width elementor-widget elementor-widget-icon-list\" data-id=\"8bc5c89\" data-element_type=\"widget\" data-widget_type=\"icon-list.default\">\n\t\t\t\t\t\t\t<ul class=\"elementor-icon-list-items\">\n\t\t\t\t\t\t\t<li class=\"elementor-icon-list-item\">\n\t\t\t\t\t\t\t\t\t\t\t<span class=\"elementor-icon-list-icon\">\n\t\t\t\t\t\t\t<svg xmlns=\"http:\/\/www.w3.org\/2000\/svg\" xmlns:xlink=\"http:\/\/www.w3.org\/1999\/xlink\" id=\"Capa_1\" x=\"0px\" y=\"0px\" width=\"443.771px\" height=\"443.772px\" viewBox=\"0 0 443.771 443.772\" style=\"enable-background:new 0 0 443.771 443.772;\" xml:space=\"preserve\"><g>\t<g id=\"Layer_3\">\t\t<g>\t\t\t<path d=\"M163.073,3.459C140.557,125.764,122.304,144.016,0,166.532c122.305,22.516,140.557,40.768,163.073,163.073    c22.516-122.305,40.768-140.557,163.073-163.073C203.841,144.016,185.588,125.764,163.073,3.459z\"><\/path>\t\t\t<path d=\"M340.064,232.896c-14.318,77.781-25.928,89.39-103.708,103.708c77.78,14.319,89.39,25.928,103.708,103.708    c14.318-77.78,25.928-89.39,103.707-103.708C365.99,322.286,354.383,310.677,340.064,232.896z\"><\/path>\t\t<\/g>\t<\/g><\/g><g><\/g><g><\/g><g><\/g><g><\/g><g><\/g><g><\/g><g><\/g><g><\/g><g><\/g><g><\/g><g><\/g><g><\/g><g><\/g><g><\/g><g><\/g><\/svg>\t\t\t\t\t\t<\/span>\n\t\t\t\t\t\t\t\t\t\t<span class=\"elementor-icon-list-text\">CRO: 00000-SP<\/span>\n\t\t\t\t\t\t\t\t\t<\/li>\n\t\t\t\t\t\t\t\t<li class=\"elementor-icon-list-item\">\n\t\t\t\t\t\t\t\t\t\t<span class=\"elementor-icon-list-text\">Gradua\u00e7\u00e3o em Odontologia pela Universidade de S\u00e3o Paulo (USP) (2010 \u2013 2015)<\/span>\n\t\t\t\t\t\t\t\t\t<\/li>\n\t\t\t\t\t\t\t\t<li class=\"elementor-icon-list-item\">\n\t\t\t\t\t\t\t\t\t\t<span class=\"elementor-icon-list-text\">Especialista em Implantodontia pela Faculdade S\u00e3o Leopoldo Mandic (2016 \u2013 2018)<\/span>\n\t\t\t\t\t\t\t\t\t<\/li>\n\t\t\t\t\t\t\t\t<li class=\"elementor-icon-list-item\">\n\t\t\t\t\t\t\t\t\t\t<span class=\"elementor-icon-list-text\">Especialista em Odontologia Est\u00e9tica e Reabilita\u00e7\u00e3o Oral pela Universidade Estadual Paulista (UNESP) (2019 \u2013 2021)<\/span>\n\t\t\t\t\t\t\t\t\t<\/li>\n\t\t\t\t\t\t\t\t<li class=\"elementor-icon-list-item\">\n\t\t\t\t\t\t\t\t\t\t<span class=\"elementor-icon-list-text\">Participa\u00e7\u00e3o em diversos cursos e congressos internacionais nas \u00e1reas de est\u00e9tica dental, facetas de porcelana e reabilita\u00e7\u00e3o oral.<\/span>\n\t\t\t\t\t\t\t\t\t<\/li>\n\t\t\t\t\t\t\t\t<li class=\"elementor-icon-list-item\">\n\t\t\t\t\t\t\t\t\t\t\t<span class=\"elementor-icon-list-icon\">\n\t\t\t\t\t\t\t<svg aria-hidden=\"true\" class=\"e-font-icon-svg e-fas-plus\" viewBox=\"0 0 448 512\" xmlns=\"http:\/\/www.w3.org\/2000\/svg\"><path d=\"M416 208H272V64c0-17.67-14.33-32-32-32h-32c-17.67 0-32 14.33-32 32v144H32c-17.67 0-32 14.33-32 32v32c0 17.67 14.33 32 32 32h144v144c0 17.67 14.33 32 32 32h32c17.67 0 32-14.33 32-32V304h144c17.67 0 32-14.33 32-32v-32c0-17.67-14.33-32-32-32z\"><\/path><\/svg>\t\t\t\t\t\t<\/span>\n\t\t\t\t\t\t\t\t\t\t<span class=\"elementor-icon-list-text\">800 pacientes atendidos e centenas de sorrisos transformados.<\/span>\n\t\t\t\t\t\t\t\t\t<\/li>\n\t\t\t\t\t\t<\/ul>\n\t\t\t\t\t\t<\/div>\n\t\t\t\t<\/div>\n\t\t\t\t\t<\/div>\n\t\t\t\t<\/div>\n\t\t<div class=\"elementor-element elementor-element-2d360b7 e-flex e-con-boxed e-con e-parent\" data-id=\"2d360b7\" data-element_type=\"container\">\n\t\t\t\t\t<div class=\"e-con-inner\">\n\t\t\t\t<div class=\"elementor-element elementor-element-31f0cdf elementor-widget elementor-widget-heading\" data-id=\"31f0cdf\" data-element_type=\"widget\" data-widget_type=\"heading.default\">\n\t\t\t\t\t<h2 class=\"elementor-heading-title elementor-size-default\">O Que Meus Pacientes Dizem\n<\/h2>\t\t\t\t<\/div>\n\t\t<div class=\"elementor-element elementor-element-ef2501e e-grid e-con-full e-con e-child\" data-id=\"ef2501e\" data-element_type=\"container\">\n\t\t\t\t<div class=\"elementor-element elementor-element-8fc8d81 elementor-widget elementor-widget-image\" data-id=\"8fc8d81\" data-element_type=\"widget\" data-widget_type=\"image.default\">\n\t\t\t\t\t\t\t\t\t\t\t\t\t\t\t<img decoding=\"async\" width=\"640\" height=\"840\" src=\"https:\/\/christophersanti.com.br\/dr-fabricio\/wp-content\/uploads\/2025\/11\/1.png\" class=\"attachment-large size-large wp-image-190\" alt=\"\" srcset=\"https:\/\/christophersanti.com.br\/dr-fabricio\/wp-content\/uploads\/2025\/11\/1.png 640w, https:\/\/christophersanti.com.br\/dr-fabricio\/wp-content\/uploads\/2025\/11\/1-229x300.png 229w\" sizes=\"(max-width: 640px) 100vw, 640px\" \/>\t\t\t\t\t\t\t\t\t\t\t\t\t\t\t<\/div>\n\t\t\t\t<div class=\"elementor-element elementor-element-a3f4b67 elementor-widget elementor-widget-image\" data-id=\"a3f4b67\" data-element_type=\"widget\" data-widget_type=\"image.default\">\n\t\t\t\t\t\t\t\t\t\t\t\t\t\t\t<img decoding=\"async\" width=\"640\" height=\"840\" src=\"https:\/\/christophersanti.com.br\/dr-fabricio\/wp-content\/uploads\/2025\/11\/2.png\" class=\"attachment-large size-large wp-image-191\" alt=\"\" srcset=\"https:\/\/christophersanti.com.br\/dr-fabricio\/wp-content\/uploads\/2025\/11\/2.png 640w, https:\/\/christophersanti.com.br\/dr-fabricio\/wp-content\/uploads\/2025\/11\/2-229x300.png 229w\" sizes=\"(max-width: 640px) 100vw, 640px\" \/>\t\t\t\t\t\t\t\t\t\t\t\t\t\t\t<\/div>\n\t\t\t\t<div class=\"elementor-element elementor-element-d9c60de elementor-widget elementor-widget-image\" data-id=\"d9c60de\" data-element_type=\"widget\" data-widget_type=\"image.default\">\n\t\t\t\t\t\t\t\t\t\t\t\t\t\t\t<img loading=\"lazy\" decoding=\"async\" width=\"640\" height=\"840\" src=\"https:\/\/christophersanti.com.br\/dr-fabricio\/wp-content\/uploads\/2025\/11\/3.png\" class=\"attachment-large size-large wp-image-192\" alt=\"\" srcset=\"https:\/\/christophersanti.com.br\/dr-fabricio\/wp-content\/uploads\/2025\/11\/3.png 640w, https:\/\/christophersanti.com.br\/dr-fabricio\/wp-content\/uploads\/2025\/11\/3-229x300.png 229w\" sizes=\"(max-width: 640px) 100vw, 640px\" \/>\t\t\t\t\t\t\t\t\t\t\t\t\t\t\t<\/div>\n\t\t\t\t<\/div>\n\t\t\t\t\t<\/div>\n\t\t\t\t<\/div>\n\t\t\t\t<\/div>\n\t\t","protected":false},"excerpt":{"rendered":"<p>Sobre Dr. Fabr\u00edcio Apaixonado por transformar sorrisos e elevar a autoestima, o Dr. Fabr\u00edcio Santos atua com excel\u00eancia em odontologia est\u00e9tica e funcional, oferecendo um atendimento que combina tecnologia moderna, sensibilidade e cuidado humano. Desde o in\u00edcio de sua trajet\u00f3ria, acredita que um sorriso saud\u00e1vel representa bem-estar, confian\u00e7a e qualidade de vida. Por isso, dedica-se [&hellip;]<\/p>\n","protected":false},"author":1,"featured_media":0,"parent":0,"menu_order":0,"comment_status":"closed","ping_status":"closed","template":"elementor_header_footer","meta":{"footnotes":""},"class_list":["post-15","page","type-page","status-publish","hentry"],"_links":{"self":[{"href":"https:\/\/christophersanti.com.br\/dr-fabricio\/wp-json\/wp\/v2\/pages\/15","targetHints":{"allow":["GET"]}}],"collection":[{"href":"https:\/\/christophersanti.com.br\/dr-fabricio\/wp-json\/wp\/v2\/pages"}],"about":[{"href":"https:\/\/christophersanti.com.br\/dr-fabricio\/wp-json\/wp\/v2\/types\/page"}],"author":[{"embeddable":true,"href":"https:\/\/christophersanti.com.br\/dr-fabricio\/wp-json\/wp\/v2\/users\/1"}],"replies":[{"embeddable":true,"href":"https:\/\/christophersanti.com.br\/dr-fabricio\/wp-json\/wp\/v2\/comments?post=15"}],"version-history":[{"count":16,"href":"https:\/\/christophersanti.com.br\/dr-fabricio\/wp-json\/wp\/v2\/pages\/15\/revisions"}],"predecessor-version":[{"id":384,"href":"https:\/\/christophersanti.com.br\/dr-fabricio\/wp-json\/wp\/v2\/pages\/15\/revisions\/384"}],"wp:attachment":[{"href":"https:\/\/christophersanti.com.br\/dr-fabricio\/wp-json\/wp\/v2\/media?parent=15"}],"curies":[{"name":"wp","href":"https:\/\/api.w.org\/{rel}","templated":true}]}}